{"id":1163,"date":"2013-01-29T20:39:07","date_gmt":"2013-01-29T19:39:07","guid":{"rendered":"http:\/\/www.alpine-heli.de\/?page_id=1163"},"modified":"2026-01-14T10:24:24","modified_gmt":"2026-01-14T09:24:24","slug":"johannishutte","status":"publish","type":"page","link":"https:\/\/www.alpine-heli.de\/?page_id=1163","title":{"rendered":"Johannish\u00fctte"},"content":{"rendered":"<p>Erstes &#8222;Probefliegen&#8220; im August 2010 bei der Johannish\u00fctte in \u00d6sterreich. Nach diesem Fliegen war uns klar geworden, das wird unser Veranstaltungsort f\u00fcr unser j\u00e4hrliches <strong>Alpine Heli FunFly<\/strong>.<\/p>\n\n\t\t<style type=\"text\/css\">\n\t\t\t#gallery-1 {\n\t\t\t\tmargin: auto;\n\t\t\t}\n\t\t\t#gallery-1 .gallery-item {\n\t\t\t\tfloat: left;\n\t\t\t\tmargin-top: 10px;\n\t\t\t\ttext-align: center;\n\t\t\t\twidth: 20%;\n\t\t\t}\n\t\t\t#gallery-1 img {\n\t\t\t\tborder: 2px solid #cfcfcf;\n\t\t\t}\n\t\t\t#gallery-1 .gallery-caption {\n\t\t\t\tmargin-left: 0;\n\t\t\t}\n\t\t\t\/* see gallery_shortcode() in wp-includes\/media.php *\/\n\t\t<\/style>\n\t\t<div id='gallery-1' class='gallery galleryid-1163 gallery-columns-5 gallery-size-medium'><dl class='gallery-item'>\n\t\t\t<dt class='gallery-icon landscape'>\n\t\t\t\t<img loading=\"lazy\" decoding=\"async\" width=\"280\" height=\"187\" src=\"https:\/\/www.alpine-heli.de\/wp-content\/uploads\/2013\/01\/Heli_JH_-54-03-300x200.jpg\" class=\"attachment-medium size-medium\" alt=\"\" srcset=\"https:\/\/www.alpine-heli.de\/wp-content\/uploads\/2013\/01\/Heli_JH_-54-03-300x200.jpg 300w, https:\/\/www.alpine-heli.de\/wp-content\/uploads\/2013\/01\/Heli_JH_-54-03-624x416.jpg 624w, https:\/\/www.alpine-heli.de\/wp-content\/uploads\/2013\/01\/Heli_JH_-54-03.jpg 1024w\" sizes=\"auto, (max-width: 280px) 100vw, 280px\" \/>\n\t\t\t<\/dt><\/dl><dl class='gallery-item'>\n\t\t\t<dt class='gallery-icon landscape'>\n\t\t\t\t<img loading=\"lazy\" decoding=\"async\" width=\"280\" height=\"187\" src=\"https:\/\/www.alpine-heli.de\/wp-content\/uploads\/2013\/01\/Heli_JH_-70-03-300x200.jpg\" class=\"attachment-medium size-medium\" alt=\"\" srcset=\"https:\/\/www.alpine-heli.de\/wp-content\/uploads\/2013\/01\/Heli_JH_-70-03-300x200.jpg 300w, https:\/\/www.alpine-heli.de\/wp-content\/uploads\/2013\/01\/Heli_JH_-70-03-624x416.jpg 624w, https:\/\/www.alpine-heli.de\/wp-content\/uploads\/2013\/01\/Heli_JH_-70-03.jpg 1024w\" sizes=\"auto, (max-width: 280px) 100vw, 280px\" \/>\n\t\t\t<\/dt><\/dl><dl class='gallery-item'>\n\t\t\t<dt class='gallery-icon landscape'>\n\t\t\t\t<img loading=\"lazy\" decoding=\"async\" width=\"280\" height=\"187\" src=\"https:\/\/www.alpine-heli.de\/wp-content\/uploads\/2013\/01\/Heli_JH_-111-03-300x200.jpg\" class=\"attachment-medium size-medium\" alt=\"\" srcset=\"https:\/\/www.alpine-heli.de\/wp-content\/uploads\/2013\/01\/Heli_JH_-111-03-300x200.jpg 300w, https:\/\/www.alpine-heli.de\/wp-content\/uploads\/2013\/01\/Heli_JH_-111-03-624x416.jpg 624w, https:\/\/www.alpine-heli.de\/wp-content\/uploads\/2013\/01\/Heli_JH_-111-03.jpg 1024w\" sizes=\"auto, (max-width: 280px) 100vw, 280px\" \/>\n\t\t\t<\/dt><\/dl><dl class='gallery-item'>\n\t\t\t<dt class='gallery-icon landscape'>\n\t\t\t\t<img loading=\"lazy\" decoding=\"async\" width=\"280\" height=\"187\" src=\"https:\/\/www.alpine-heli.de\/wp-content\/uploads\/2013\/01\/Heli_JH_-164-03-300x200.jpg\" class=\"attachment-medium size-medium\" alt=\"\" srcset=\"https:\/\/www.alpine-heli.de\/wp-content\/uploads\/2013\/01\/Heli_JH_-164-03-300x200.jpg 300w, https:\/\/www.alpine-heli.de\/wp-content\/uploads\/2013\/01\/Heli_JH_-164-03-624x416.jpg 624w, https:\/\/www.alpine-heli.de\/wp-content\/uploads\/2013\/01\/Heli_JH_-164-03.jpg 1024w\" sizes=\"auto, (max-width: 280px) 100vw, 280px\" \/>\n\t\t\t<\/dt><\/dl><dl class='gallery-item'>\n\t\t\t<dt class='gallery-icon landscape'>\n\t\t\t\t<img loading=\"lazy\" decoding=\"async\" width=\"280\" height=\"187\" src=\"https:\/\/www.alpine-heli.de\/wp-content\/uploads\/2013\/01\/Heli_JH_-166-03-300x200.jpg\" class=\"attachment-medium size-medium\" alt=\"\" srcset=\"https:\/\/www.alpine-heli.de\/wp-content\/uploads\/2013\/01\/Heli_JH_-166-03-300x200.jpg 300w, https:\/\/www.alpine-heli.de\/wp-content\/uploads\/2013\/01\/Heli_JH_-166-03-624x416.jpg 624w, https:\/\/www.alpine-heli.de\/wp-content\/uploads\/2013\/01\/Heli_JH_-166-03.jpg 1024w\" sizes=\"auto, (max-width: 280px) 100vw, 280px\" \/>\n\t\t\t<\/dt><\/dl><br style=\"clear: both\" \/><dl class='gallery-item'>\n\t\t\t<dt class='gallery-icon landscape'>\n\t\t\t\t<img loading=\"lazy\" decoding=\"async\" width=\"280\" height=\"187\" src=\"https:\/\/www.alpine-heli.de\/wp-content\/uploads\/2013\/01\/Heli_JH_-170-03-300x200.jpg\" class=\"attachment-medium size-medium\" alt=\"\" srcset=\"https:\/\/www.alpine-heli.de\/wp-content\/uploads\/2013\/01\/Heli_JH_-170-03-300x200.jpg 300w, https:\/\/www.alpine-heli.de\/wp-content\/uploads\/2013\/01\/Heli_JH_-170-03-624x416.jpg 624w, https:\/\/www.alpine-heli.de\/wp-content\/uploads\/2013\/01\/Heli_JH_-170-03.jpg 1024w\" sizes=\"auto, (max-width: 280px) 100vw, 280px\" \/>\n\t\t\t<\/dt><\/dl><dl class='gallery-item'>\n\t\t\t<dt class='gallery-icon landscape'>\n\t\t\t\t<img loading=\"lazy\" decoding=\"async\" width=\"280\" height=\"187\" src=\"https:\/\/www.alpine-heli.de\/wp-content\/uploads\/2013\/01\/Heli_JH_-182-03-300x200.jpg\" class=\"attachment-medium size-medium\" alt=\"\" srcset=\"https:\/\/www.alpine-heli.de\/wp-content\/uploads\/2013\/01\/Heli_JH_-182-03-300x200.jpg 300w, https:\/\/www.alpine-heli.de\/wp-content\/uploads\/2013\/01\/Heli_JH_-182-03-624x416.jpg 624w, https:\/\/www.alpine-heli.de\/wp-content\/uploads\/2013\/01\/Heli_JH_-182-03.jpg 1024w\" sizes=\"auto, (max-width: 280px) 100vw, 280px\" \/>\n\t\t\t<\/dt><\/dl><dl class='gallery-item'>\n\t\t\t<dt class='gallery-icon landscape'>\n\t\t\t\t<img loading=\"lazy\" decoding=\"async\" width=\"280\" height=\"187\" src=\"https:\/\/www.alpine-heli.de\/wp-content\/uploads\/2013\/01\/Heli_JH_-183-03-300x200.jpg\" class=\"attachment-medium size-medium\" alt=\"\" srcset=\"https:\/\/www.alpine-heli.de\/wp-content\/uploads\/2013\/01\/Heli_JH_-183-03-300x200.jpg 300w, https:\/\/www.alpine-heli.de\/wp-content\/uploads\/2013\/01\/Heli_JH_-183-03-624x416.jpg 624w, https:\/\/www.alpine-heli.de\/wp-content\/uploads\/2013\/01\/Heli_JH_-183-03.jpg 1024w\" sizes=\"auto, (max-width: 280px) 100vw, 280px\" \/>\n\t\t\t<\/dt><\/dl><dl class='gallery-item'>\n\t\t\t<dt class='gallery-icon landscape'>\n\t\t\t\t<img loading=\"lazy\" decoding=\"async\" width=\"280\" height=\"187\" src=\"https:\/\/www.alpine-heli.de\/wp-content\/uploads\/2013\/01\/Heli_JH_-199-03-300x200.jpg\" class=\"attachment-medium size-medium\" alt=\"\" srcset=\"https:\/\/www.alpine-heli.de\/wp-content\/uploads\/2013\/01\/Heli_JH_-199-03-300x200.jpg 300w, https:\/\/www.alpine-heli.de\/wp-content\/uploads\/2013\/01\/Heli_JH_-199-03-624x416.jpg 624w, https:\/\/www.alpine-heli.de\/wp-content\/uploads\/2013\/01\/Heli_JH_-199-03.jpg 1024w\" sizes=\"auto, (max-width: 280px) 100vw, 280px\" \/>\n\t\t\t<\/dt><\/dl><dl class='gallery-item'>\n\t\t\t<dt class='gallery-icon landscape'>\n\t\t\t\t<img loading=\"lazy\" decoding=\"async\" width=\"280\" height=\"187\" src=\"https:\/\/www.alpine-heli.de\/wp-content\/uploads\/2013\/01\/Heli_JH_-216-03-300x200.jpg\" class=\"attachment-medium size-medium\" alt=\"\" srcset=\"https:\/\/www.alpine-heli.de\/wp-content\/uploads\/2013\/01\/Heli_JH_-216-03-300x200.jpg 300w, https:\/\/www.alpine-heli.de\/wp-content\/uploads\/2013\/01\/Heli_JH_-216-03-624x416.jpg 624w, https:\/\/www.alpine-heli.de\/wp-content\/uploads\/2013\/01\/Heli_JH_-216-03.jpg 1024w\" sizes=\"auto, (max-width: 280px) 100vw, 280px\" \/>\n\t\t\t<\/dt><\/dl><br style=\"clear: both\" \/><dl class='gallery-item'>\n\t\t\t<dt class='gallery-icon landscape'>\n\t\t\t\t<img loading=\"lazy\" decoding=\"async\" width=\"280\" height=\"187\" src=\"https:\/\/www.alpine-heli.de\/wp-content\/uploads\/2013\/01\/Heli_JH_-237-03-300x200.jpg\" class=\"attachment-medium size-medium\" alt=\"\" srcset=\"https:\/\/www.alpine-heli.de\/wp-content\/uploads\/2013\/01\/Heli_JH_-237-03-300x200.jpg 300w, https:\/\/www.alpine-heli.de\/wp-content\/uploads\/2013\/01\/Heli_JH_-237-03-624x416.jpg 624w, https:\/\/www.alpine-heli.de\/wp-content\/uploads\/2013\/01\/Heli_JH_-237-03.jpg 1024w\" sizes=\"auto, (max-width: 280px) 100vw, 280px\" \/>\n\t\t\t<\/dt><\/dl><dl class='gallery-item'>\n\t\t\t<dt class='gallery-icon landscape'>\n\t\t\t\t<img loading=\"lazy\" decoding=\"async\" width=\"280\" height=\"187\" src=\"https:\/\/www.alpine-heli.de\/wp-content\/uploads\/2013\/01\/Heli_JH_-267-03-300x200.jpg\" class=\"attachment-medium size-medium\" alt=\"\" srcset=\"https:\/\/www.alpine-heli.de\/wp-content\/uploads\/2013\/01\/Heli_JH_-267-03-300x200.jpg 300w, https:\/\/www.alpine-heli.de\/wp-content\/uploads\/2013\/01\/Heli_JH_-267-03-624x416.jpg 624w, https:\/\/www.alpine-heli.de\/wp-content\/uploads\/2013\/01\/Heli_JH_-267-03.jpg 1024w\" sizes=\"auto, (max-width: 280px) 100vw, 280px\" \/>\n\t\t\t<\/dt><\/dl><dl class='gallery-item'>\n\t\t\t<dt class='gallery-icon landscape'>\n\t\t\t\t<img loading=\"lazy\" decoding=\"async\" width=\"280\" height=\"187\" src=\"https:\/\/www.alpine-heli.de\/wp-content\/uploads\/2013\/01\/Heli_JH_-324-03-300x200.jpg\" class=\"attachment-medium size-medium\" alt=\"\" srcset=\"https:\/\/www.alpine-heli.de\/wp-content\/uploads\/2013\/01\/Heli_JH_-324-03-300x200.jpg 300w, https:\/\/www.alpine-heli.de\/wp-content\/uploads\/2013\/01\/Heli_JH_-324-03-624x416.jpg 624w, https:\/\/www.alpine-heli.de\/wp-content\/uploads\/2013\/01\/Heli_JH_-324-03.jpg 1024w\" sizes=\"auto, (max-width: 280px) 100vw, 280px\" \/>\n\t\t\t<\/dt><\/dl><dl class='gallery-item'>\n\t\t\t<dt class='gallery-icon landscape'>\n\t\t\t\t<img loading=\"lazy\" decoding=\"async\" width=\"280\" height=\"187\" src=\"https:\/\/www.alpine-heli.de\/wp-content\/uploads\/2013\/01\/Heli_JH_-340-03-300x200.jpg\" class=\"attachment-medium size-medium\" alt=\"\" srcset=\"https:\/\/www.alpine-heli.de\/wp-content\/uploads\/2013\/01\/Heli_JH_-340-03-300x200.jpg 300w, https:\/\/www.alpine-heli.de\/wp-content\/uploads\/2013\/01\/Heli_JH_-340-03-624x416.jpg 624w, https:\/\/www.alpine-heli.de\/wp-content\/uploads\/2013\/01\/Heli_JH_-340-03.jpg 1024w\" sizes=\"auto, (max-width: 280px) 100vw, 280px\" \/>\n\t\t\t<\/dt><\/dl><dl class='gallery-item'>\n\t\t\t<dt class='gallery-icon landscape'>\n\t\t\t\t<img loading=\"lazy\" decoding=\"async\" width=\"280\" height=\"187\" src=\"https:\/\/www.alpine-heli.de\/wp-content\/uploads\/2013\/01\/Heli_JH_-342-03-300x200.jpg\" class=\"attachment-medium size-medium\" alt=\"\" srcset=\"https:\/\/www.alpine-heli.de\/wp-content\/uploads\/2013\/01\/Heli_JH_-342-03-300x200.jpg 300w, https:\/\/www.alpine-heli.de\/wp-content\/uploads\/2013\/01\/Heli_JH_-342-03-624x416.jpg 624w, https:\/\/www.alpine-heli.de\/wp-content\/uploads\/2013\/01\/Heli_JH_-342-03.jpg 1024w\" sizes=\"auto, (max-width: 280px) 100vw, 280px\" \/>\n\t\t\t<\/dt><\/dl><br style=\"clear: both\" \/><dl class='gallery-item'>\n\t\t\t<dt class='gallery-icon landscape'>\n\t\t\t\t<img loading=\"lazy\" decoding=\"async\" width=\"280\" height=\"187\" src=\"https:\/\/www.alpine-heli.de\/wp-content\/uploads\/2013\/01\/Heli_JH_-350-04-300x200.jpg\" class=\"attachment-medium size-medium\" alt=\"\" srcset=\"https:\/\/www.alpine-heli.de\/wp-content\/uploads\/2013\/01\/Heli_JH_-350-04-300x200.jpg 300w, https:\/\/www.alpine-heli.de\/wp-content\/uploads\/2013\/01\/Heli_JH_-350-04-624x416.jpg 624w, https:\/\/www.alpine-heli.de\/wp-content\/uploads\/2013\/01\/Heli_JH_-350-04.jpg 1024w\" sizes=\"auto, (max-width: 280px) 100vw, 280px\" \/>\n\t\t\t<\/dt><\/dl>\n\t\t\t<br style='clear: both' \/>\n\t\t<\/div>\n\n","protected":false},"excerpt":{"rendered":"<p>Erstes &#8222;Probefliegen&#8220; im August 2010 bei der Johannish\u00fctte in \u00d6sterreich. Nach diesem Fliegen war uns klar geworden, das wird unser Veranstaltungsort f\u00fcr unser j\u00e4hrliches Alpine Heli FunFly.<\/p>\n","protected":false},"author":1,"featured_media":0,"parent":507,"menu_order":80,"comment_status":"closed","ping_status":"closed","template":"","meta":{"footnotes":""},"class_list":["post-1163","page","type-page","status-publish","hentry"],"_links":{"self":[{"href":"https:\/\/www.alpine-heli.de\/index.php?rest_route=\/wp\/v2\/pages\/1163","targetHints":{"allow":["GET"]}}],"collection":[{"href":"https:\/\/www.alpine-heli.de\/index.php?rest_route=\/wp\/v2\/pages"}],"about":[{"href":"https:\/\/www.alpine-heli.de\/index.php?rest_route=\/wp\/v2\/types\/page"}],"author":[{"embeddable":true,"href":"https:\/\/www.alpine-heli.de\/index.php?rest_route=\/wp\/v2\/users\/1"}],"replies":[{"embeddable":true,"href":"https:\/\/www.alpine-heli.de\/index.php?rest_route=%2Fwp%2Fv2%2Fcomments&post=1163"}],"version-history":[{"count":3,"href":"https:\/\/www.alpine-heli.de\/index.php?rest_route=\/wp\/v2\/pages\/1163\/revisions"}],"predecessor-version":[{"id":8857,"href":"https:\/\/www.alpine-heli.de\/index.php?rest_route=\/wp\/v2\/pages\/1163\/revisions\/8857"}],"up":[{"embeddable":true,"href":"https:\/\/www.alpine-heli.de\/index.php?rest_route=\/wp\/v2\/pages\/507"}],"wp:attachment":[{"href":"https:\/\/www.alpine-heli.de\/index.php?rest_route=%2Fwp%2Fv2%2Fmedia&parent=1163"}],"curies":[{"name":"wp","href":"https:\/\/api.w.org\/{rel}","templated":true}]}}