{"id":2895,"date":"2013-06-24T13:49:52","date_gmt":"2013-06-24T12:49:52","guid":{"rendered":"http:\/\/www.alpine-heli.de\/?page_id=2895"},"modified":"2025-12-17T11:26:36","modified_gmt":"2025-12-17T10:26:36","slug":"entstehungsgeschichte","status":"publish","type":"page","link":"https:\/\/www.alpine-heli.de\/?page_id=2895","title":{"rendered":"Geschichte"},"content":{"rendered":"<p style=\"text-align: left;\" align=\"justify\"><img loading=\"lazy\" decoding=\"async\" class=\"size-medium wp-image-140 alignleft\" src=\"https:\/\/www.alpine-heli.de\/wp-content\/uploads\/2013\/01\/Gr-ndungsfoto_18022011klein-300x200.jpg\" alt=\"\" width=\"280\" height=\"187\" srcset=\"https:\/\/www.alpine-heli.de\/wp-content\/uploads\/2013\/01\/Gr-ndungsfoto_18022011klein-300x200.jpg 300w, https:\/\/www.alpine-heli.de\/wp-content\/uploads\/2013\/01\/Gr-ndungsfoto_18022011klein.jpg 448w\" sizes=\"auto, (max-width: 280px) 100vw, 280px\" \/>Der Modellbauverein <strong>Alpine Heli Friends e.V.<\/strong> wurde aus einer kleinen Anzahl von &#8222;Wildfliegern&#8220; gegr\u00fcndet, um das Modellfliegen rund um Markt Schwaben zu kanalisieren und um daraus entstandene Freundschaften zu vertiefen.<\/p>\n<p align=\"justify\">Der Einzugsbereich des Vereins reicht bis Augsburg, wobei aber die Mehrzahl der Mitglieder aus den Landkreisen Ebersberg und Erding stammen. Wichtig f\u00fcr uns im Verein ist nicht die\u00a0Quanti\u00e4t an Mitgliedern, sondern da\u00df der Teamgeist\u00a0und die gemeinsame Freude am Modellflug\u00a0untereinander stimmen.<\/p>\n<p align=\"justify\">Den Focus bei den geflogenen Modellen bilden bei uns Elektro Modellhubschrauber bis 5 kg Abfluggewicht, wobei einige Vereinsmitglieder nat\u00fcrlich f\u00fcr ihre gro\u00dfen Scale Modelle Einzelaufstiegsgenehmigungen besitzen. Wir bieten in den Wintermonaten Hallenflug, haben ganzj\u00e4hrig ein ideales Flugfeld, eine eigene Flugschule, organisieren das h\u00f6chste Funfly f\u00fcr Modellhelikopter in Europa und unternehmen Vereinsausfl\u00fcge in spezielle (alpine) Fluggebiete.<\/p>\n<p align=\"justify\">\n","protected":false},"excerpt":{"rendered":"<p>Der Modellbauverein Alpine Heli Friends e.V. wurde aus einer kleinen Anzahl von &#8222;Wildfliegern&#8220; gegr\u00fcndet, um das Modellfliegen rund um Markt Schwaben zu kanalisieren und um daraus entstandene Freundschaften zu vertiefen. Der Einzugsbereich des Vereins reicht bis Augsburg, wobei aber die Mehrzahl der Mitglieder aus den Landkreisen Ebersberg und Erding stammen. Wichtig f\u00fcr uns im Verein [&hellip;]<\/p>\n","protected":false},"author":1,"featured_media":0,"parent":2,"menu_order":5,"comment_status":"closed","ping_status":"closed","template":"","meta":{"footnotes":""},"class_list":["post-2895","page","type-page","status-publish","hentry"],"_links":{"self":[{"href":"https:\/\/www.alpine-heli.de\/index.php?rest_route=\/wp\/v2\/pages\/2895","targetHints":{"allow":["GET"]}}],"collection":[{"href":"https:\/\/www.alpine-heli.de\/index.php?rest_route=\/wp\/v2\/pages"}],"about":[{"href":"https:\/\/www.alpine-heli.de\/index.php?rest_route=\/wp\/v2\/types\/page"}],"author":[{"embeddable":true,"href":"https:\/\/www.alpine-heli.de\/index.php?rest_route=\/wp\/v2\/users\/1"}],"replies":[{"embeddable":true,"href":"https:\/\/www.alpine-heli.de\/index.php?rest_route=%2Fwp%2Fv2%2Fcomments&post=2895"}],"version-history":[{"count":5,"href":"https:\/\/www.alpine-heli.de\/index.php?rest_route=\/wp\/v2\/pages\/2895\/revisions"}],"predecessor-version":[{"id":7957,"href":"https:\/\/www.alpine-heli.de\/index.php?rest_route=\/wp\/v2\/pages\/2895\/revisions\/7957"}],"up":[{"embeddable":true,"href":"https:\/\/www.alpine-heli.de\/index.php?rest_route=\/wp\/v2\/pages\/2"}],"wp:attachment":[{"href":"https:\/\/www.alpine-heli.de\/index.php?rest_route=%2Fwp%2Fv2%2Fmedia&parent=2895"}],"curies":[{"name":"wp","href":"https:\/\/api.w.org\/{rel}","templated":true}]}}