{"id":3209,"date":"2013-07-28T18:07:06","date_gmt":"2013-07-28T17:07:06","guid":{"rendered":"http:\/\/www.alpine-heli.de\/?page_id=3209"},"modified":"2026-01-14T10:40:41","modified_gmt":"2026-01-14T09:40:41","slug":"freundschaftsfliegen-beim-mfc-coburg","status":"publish","type":"page","link":"https:\/\/www.alpine-heli.de\/?page_id=3209","title":{"rendered":"Freundschaftsfliegen beim MFC Coburg"},"content":{"rendered":"<p>Am letztem Juli Wochenende 2013 luden die Modellflieger Freunde aus Coburg zu ihren Freundschaftsfliegen am vereinseigenen Platz. Bei 36 Grad Celsius schafften es doch einige Piloten aus Ebern und der n\u00e4heren Umgebung ihre Modelle in die Luft zu bekommen. Wir danken f\u00fcr die Gastfreundschaft und den selbstlosen Einsatz zweier Vereinsmitglieder mit dem Feuerl\u00f6scher, um das Modell von Werner Herold nach einem LiPo Brand zu retten.<\/p>\n\n\t\t<style type=\"text\/css\">\n\t\t\t#gallery-1 {\n\t\t\t\tmargin: auto;\n\t\t\t}\n\t\t\t#gallery-1 .gallery-item {\n\t\t\t\tfloat: left;\n\t\t\t\tmargin-top: 10px;\n\t\t\t\ttext-align: center;\n\t\t\t\twidth: 20%;\n\t\t\t}\n\t\t\t#gallery-1 img {\n\t\t\t\tborder: 2px solid #cfcfcf;\n\t\t\t}\n\t\t\t#gallery-1 .gallery-caption {\n\t\t\t\tmargin-left: 0;\n\t\t\t}\n\t\t\t\/* see gallery_shortcode() in wp-includes\/media.php *\/\n\t\t<\/style>\n\t\t<div id='gallery-1' class='gallery galleryid-3209 gallery-columns-5 gallery-size-large'><dl class='gallery-item'>\n\t\t\t<dt class='gallery-icon landscape'>\n\t\t\t\t<img loading=\"lazy\" decoding=\"async\" width=\"1024\" height=\"751\" src=\"https:\/\/www.alpine-heli.de\/wp-content\/uploads\/2013\/07\/1.jpg\" class=\"attachment-large size-large\" alt=\"\" srcset=\"https:\/\/www.alpine-heli.de\/wp-content\/uploads\/2013\/07\/1.jpg 1024w, https:\/\/www.alpine-heli.de\/wp-content\/uploads\/2013\/07\/1-300x220.jpg 300w, https:\/\/www.alpine-heli.de\/wp-content\/uploads\/2013\/07\/1-624x457.jpg 624w\" sizes=\"auto, (max-width: 1024px) 100vw, 1024px\" \/>\n\t\t\t<\/dt><\/dl><dl class='gallery-item'>\n\t\t\t<dt class='gallery-icon landscape'>\n\t\t\t\t<img loading=\"lazy\" decoding=\"async\" width=\"1024\" height=\"678\" src=\"https:\/\/www.alpine-heli.de\/wp-content\/uploads\/2013\/07\/HER_4179.jpg\" class=\"attachment-large size-large\" alt=\"\" srcset=\"https:\/\/www.alpine-heli.de\/wp-content\/uploads\/2013\/07\/HER_4179.jpg 1024w, https:\/\/www.alpine-heli.de\/wp-content\/uploads\/2013\/07\/HER_4179-300x198.jpg 300w, https:\/\/www.alpine-heli.de\/wp-content\/uploads\/2013\/07\/HER_4179-624x413.jpg 624w\" sizes=\"auto, (max-width: 1024px) 100vw, 1024px\" \/>\n\t\t\t<\/dt><\/dl><dl class='gallery-item'>\n\t\t\t<dt class='gallery-icon landscape'>\n\t\t\t\t<img loading=\"lazy\" decoding=\"async\" width=\"1024\" height=\"678\" src=\"https:\/\/www.alpine-heli.de\/wp-content\/uploads\/2013\/07\/HER_4181.jpg\" class=\"attachment-large size-large\" alt=\"\" srcset=\"https:\/\/www.alpine-heli.de\/wp-content\/uploads\/2013\/07\/HER_4181.jpg 1024w, https:\/\/www.alpine-heli.de\/wp-content\/uploads\/2013\/07\/HER_4181-300x198.jpg 300w, https:\/\/www.alpine-heli.de\/wp-content\/uploads\/2013\/07\/HER_4181-624x413.jpg 624w\" sizes=\"auto, (max-width: 1024px) 100vw, 1024px\" \/>\n\t\t\t<\/dt><\/dl><dl class='gallery-item'>\n\t\t\t<dt class='gallery-icon landscape'>\n\t\t\t\t<img loading=\"lazy\" decoding=\"async\" width=\"1024\" height=\"678\" src=\"https:\/\/www.alpine-heli.de\/wp-content\/uploads\/2013\/07\/HER_4183.jpg\" class=\"attachment-large size-large\" alt=\"\" srcset=\"https:\/\/www.alpine-heli.de\/wp-content\/uploads\/2013\/07\/HER_4183.jpg 1024w, https:\/\/www.alpine-heli.de\/wp-content\/uploads\/2013\/07\/HER_4183-300x198.jpg 300w, https:\/\/www.alpine-heli.de\/wp-content\/uploads\/2013\/07\/HER_4183-624x413.jpg 624w\" sizes=\"auto, (max-width: 1024px) 100vw, 1024px\" \/>\n\t\t\t<\/dt><\/dl><dl class='gallery-item'>\n\t\t\t<dt class='gallery-icon landscape'>\n\t\t\t\t<img loading=\"lazy\" decoding=\"async\" width=\"1024\" height=\"678\" src=\"https:\/\/www.alpine-heli.de\/wp-content\/uploads\/2013\/07\/HER_4186.jpg\" class=\"attachment-large size-large\" alt=\"\" srcset=\"https:\/\/www.alpine-heli.de\/wp-content\/uploads\/2013\/07\/HER_4186.jpg 1024w, https:\/\/www.alpine-heli.de\/wp-content\/uploads\/2013\/07\/HER_4186-300x198.jpg 300w, https:\/\/www.alpine-heli.de\/wp-content\/uploads\/2013\/07\/HER_4186-624x413.jpg 624w\" sizes=\"auto, (max-width: 1024px) 100vw, 1024px\" \/>\n\t\t\t<\/dt><\/dl><br style=\"clear: both\" \/><dl class='gallery-item'>\n\t\t\t<dt class='gallery-icon landscape'>\n\t\t\t\t<img loading=\"lazy\" decoding=\"async\" width=\"1024\" height=\"678\" src=\"https:\/\/www.alpine-heli.de\/wp-content\/uploads\/2013\/07\/HER_4187.jpg\" class=\"attachment-large size-large\" alt=\"\" srcset=\"https:\/\/www.alpine-heli.de\/wp-content\/uploads\/2013\/07\/HER_4187.jpg 1024w, https:\/\/www.alpine-heli.de\/wp-content\/uploads\/2013\/07\/HER_4187-300x198.jpg 300w, https:\/\/www.alpine-heli.de\/wp-content\/uploads\/2013\/07\/HER_4187-624x413.jpg 624w\" sizes=\"auto, (max-width: 1024px) 100vw, 1024px\" \/>\n\t\t\t<\/dt><\/dl><dl class='gallery-item'>\n\t\t\t<dt class='gallery-icon landscape'>\n\t\t\t\t<img loading=\"lazy\" decoding=\"async\" width=\"1024\" height=\"678\" src=\"https:\/\/www.alpine-heli.de\/wp-content\/uploads\/2013\/07\/HER_4194.jpg\" class=\"attachment-large size-large\" alt=\"\" srcset=\"https:\/\/www.alpine-heli.de\/wp-content\/uploads\/2013\/07\/HER_4194.jpg 1024w, https:\/\/www.alpine-heli.de\/wp-content\/uploads\/2013\/07\/HER_4194-300x198.jpg 300w, https:\/\/www.alpine-heli.de\/wp-content\/uploads\/2013\/07\/HER_4194-624x413.jpg 624w\" sizes=\"auto, (max-width: 1024px) 100vw, 1024px\" \/>\n\t\t\t<\/dt><\/dl><dl class='gallery-item'>\n\t\t\t<dt class='gallery-icon landscape'>\n\t\t\t\t<img loading=\"lazy\" decoding=\"async\" width=\"1024\" height=\"678\" src=\"https:\/\/www.alpine-heli.de\/wp-content\/uploads\/2013\/07\/HER_4205.jpg\" class=\"attachment-large size-large\" alt=\"\" srcset=\"https:\/\/www.alpine-heli.de\/wp-content\/uploads\/2013\/07\/HER_4205.jpg 1024w, https:\/\/www.alpine-heli.de\/wp-content\/uploads\/2013\/07\/HER_4205-300x198.jpg 300w, https:\/\/www.alpine-heli.de\/wp-content\/uploads\/2013\/07\/HER_4205-624x413.jpg 624w\" sizes=\"auto, (max-width: 1024px) 100vw, 1024px\" \/>\n\t\t\t<\/dt><\/dl><dl class='gallery-item'>\n\t\t\t<dt class='gallery-icon landscape'>\n\t\t\t\t<img loading=\"lazy\" decoding=\"async\" width=\"1024\" height=\"660\" src=\"https:\/\/www.alpine-heli.de\/wp-content\/uploads\/2013\/07\/HER_4229.jpg\" class=\"attachment-large size-large\" alt=\"\" srcset=\"https:\/\/www.alpine-heli.de\/wp-content\/uploads\/2013\/07\/HER_4229.jpg 1024w, https:\/\/www.alpine-heli.de\/wp-content\/uploads\/2013\/07\/HER_4229-300x193.jpg 300w, https:\/\/www.alpine-heli.de\/wp-content\/uploads\/2013\/07\/HER_4229-624x402.jpg 624w\" sizes=\"auto, (max-width: 1024px) 100vw, 1024px\" \/>\n\t\t\t<\/dt><\/dl><dl class='gallery-item'>\n\t\t\t<dt class='gallery-icon landscape'>\n\t\t\t\t<img loading=\"lazy\" decoding=\"async\" width=\"1024\" height=\"678\" src=\"https:\/\/www.alpine-heli.de\/wp-content\/uploads\/2013\/07\/HER_4259.jpg\" class=\"attachment-large size-large\" alt=\"\" srcset=\"https:\/\/www.alpine-heli.de\/wp-content\/uploads\/2013\/07\/HER_4259.jpg 1024w, https:\/\/www.alpine-heli.de\/wp-content\/uploads\/2013\/07\/HER_4259-300x198.jpg 300w, https:\/\/www.alpine-heli.de\/wp-content\/uploads\/2013\/07\/HER_4259-624x413.jpg 624w\" sizes=\"auto, (max-width: 1024px) 100vw, 1024px\" \/>\n\t\t\t<\/dt><\/dl><br style=\"clear: both\" \/><dl class='gallery-item'>\n\t\t\t<dt class='gallery-icon landscape'>\n\t\t\t\t<img loading=\"lazy\" decoding=\"async\" width=\"1024\" height=\"678\" src=\"https:\/\/www.alpine-heli.de\/wp-content\/uploads\/2013\/07\/HER_4261.jpg\" class=\"attachment-large size-large\" alt=\"\" srcset=\"https:\/\/www.alpine-heli.de\/wp-content\/uploads\/2013\/07\/HER_4261.jpg 1024w, https:\/\/www.alpine-heli.de\/wp-content\/uploads\/2013\/07\/HER_4261-300x198.jpg 300w, https:\/\/www.alpine-heli.de\/wp-content\/uploads\/2013\/07\/HER_4261-624x413.jpg 624w\" sizes=\"auto, (max-width: 1024px) 100vw, 1024px\" \/>\n\t\t\t<\/dt><\/dl><dl class='gallery-item'>\n\t\t\t<dt class='gallery-icon landscape'>\n\t\t\t\t<img loading=\"lazy\" decoding=\"async\" width=\"1024\" height=\"678\" src=\"https:\/\/www.alpine-heli.de\/wp-content\/uploads\/2013\/07\/HER_4265.jpg\" class=\"attachment-large size-large\" alt=\"\" srcset=\"https:\/\/www.alpine-heli.de\/wp-content\/uploads\/2013\/07\/HER_4265.jpg 1024w, https:\/\/www.alpine-heli.de\/wp-content\/uploads\/2013\/07\/HER_4265-300x198.jpg 300w, https:\/\/www.alpine-heli.de\/wp-content\/uploads\/2013\/07\/HER_4265-624x413.jpg 624w\" sizes=\"auto, (max-width: 1024px) 100vw, 1024px\" \/>\n\t\t\t<\/dt><\/dl><dl class='gallery-item'>\n\t\t\t<dt class='gallery-icon landscape'>\n\t\t\t\t<img loading=\"lazy\" decoding=\"async\" width=\"1024\" height=\"678\" src=\"https:\/\/www.alpine-heli.de\/wp-content\/uploads\/2013\/07\/HER_4266.jpg\" class=\"attachment-large size-large\" alt=\"\" srcset=\"https:\/\/www.alpine-heli.de\/wp-content\/uploads\/2013\/07\/HER_4266.jpg 1024w, https:\/\/www.alpine-heli.de\/wp-content\/uploads\/2013\/07\/HER_4266-300x198.jpg 300w, https:\/\/www.alpine-heli.de\/wp-content\/uploads\/2013\/07\/HER_4266-624x413.jpg 624w\" sizes=\"auto, (max-width: 1024px) 100vw, 1024px\" \/>\n\t\t\t<\/dt><\/dl><dl class='gallery-item'>\n\t\t\t<dt class='gallery-icon landscape'>\n\t\t\t\t<img loading=\"lazy\" decoding=\"async\" width=\"1024\" height=\"678\" src=\"https:\/\/www.alpine-heli.de\/wp-content\/uploads\/2013\/07\/HER_4268.jpg\" class=\"attachment-large size-large\" alt=\"\" srcset=\"https:\/\/www.alpine-heli.de\/wp-content\/uploads\/2013\/07\/HER_4268.jpg 1024w, https:\/\/www.alpine-heli.de\/wp-content\/uploads\/2013\/07\/HER_4268-300x198.jpg 300w, https:\/\/www.alpine-heli.de\/wp-content\/uploads\/2013\/07\/HER_4268-624x413.jpg 624w\" sizes=\"auto, (max-width: 1024px) 100vw, 1024px\" \/>\n\t\t\t<\/dt><\/dl><dl class='gallery-item'>\n\t\t\t<dt class='gallery-icon landscape'>\n\t\t\t\t<img loading=\"lazy\" decoding=\"async\" width=\"1024\" height=\"678\" src=\"https:\/\/www.alpine-heli.de\/wp-content\/uploads\/2013\/07\/HER_4269.jpg\" class=\"attachment-large size-large\" alt=\"\" srcset=\"https:\/\/www.alpine-heli.de\/wp-content\/uploads\/2013\/07\/HER_4269.jpg 1024w, https:\/\/www.alpine-heli.de\/wp-content\/uploads\/2013\/07\/HER_4269-300x198.jpg 300w, https:\/\/www.alpine-heli.de\/wp-content\/uploads\/2013\/07\/HER_4269-624x413.jpg 624w\" sizes=\"auto, (max-width: 1024px) 100vw, 1024px\" \/>\n\t\t\t<\/dt><\/dl><br style=\"clear: both\" \/><dl class='gallery-item'>\n\t\t\t<dt class='gallery-icon landscape'>\n\t\t\t\t<img loading=\"lazy\" decoding=\"async\" width=\"1024\" height=\"678\" src=\"https:\/\/www.alpine-heli.de\/wp-content\/uploads\/2013\/07\/HER_4271.jpg\" class=\"attachment-large size-large\" alt=\"\" srcset=\"https:\/\/www.alpine-heli.de\/wp-content\/uploads\/2013\/07\/HER_4271.jpg 1024w, https:\/\/www.alpine-heli.de\/wp-content\/uploads\/2013\/07\/HER_4271-300x198.jpg 300w, https:\/\/www.alpine-heli.de\/wp-content\/uploads\/2013\/07\/HER_4271-624x413.jpg 624w\" sizes=\"auto, (max-width: 1024px) 100vw, 1024px\" \/>\n\t\t\t<\/dt><\/dl><dl class='gallery-item'>\n\t\t\t<dt class='gallery-icon landscape'>\n\t\t\t\t<img loading=\"lazy\" decoding=\"async\" width=\"1024\" height=\"678\" src=\"https:\/\/www.alpine-heli.de\/wp-content\/uploads\/2013\/07\/HER_4287.jpg\" class=\"attachment-large size-large\" alt=\"\" srcset=\"https:\/\/www.alpine-heli.de\/wp-content\/uploads\/2013\/07\/HER_4287.jpg 1024w, https:\/\/www.alpine-heli.de\/wp-content\/uploads\/2013\/07\/HER_4287-300x198.jpg 300w, https:\/\/www.alpine-heli.de\/wp-content\/uploads\/2013\/07\/HER_4287-624x413.jpg 624w\" sizes=\"auto, (max-width: 1024px) 100vw, 1024px\" \/>\n\t\t\t<\/dt><\/dl><dl class='gallery-item'>\n\t\t\t<dt class='gallery-icon landscape'>\n\t\t\t\t<img loading=\"lazy\" decoding=\"async\" width=\"1024\" height=\"678\" src=\"https:\/\/www.alpine-heli.de\/wp-content\/uploads\/2013\/07\/HER_4290.jpg\" class=\"attachment-large size-large\" alt=\"\" srcset=\"https:\/\/www.alpine-heli.de\/wp-content\/uploads\/2013\/07\/HER_4290.jpg 1024w, https:\/\/www.alpine-heli.de\/wp-content\/uploads\/2013\/07\/HER_4290-300x198.jpg 300w, https:\/\/www.alpine-heli.de\/wp-content\/uploads\/2013\/07\/HER_4290-624x413.jpg 624w\" sizes=\"auto, (max-width: 1024px) 100vw, 1024px\" \/>\n\t\t\t<\/dt><\/dl><dl class='gallery-item'>\n\t\t\t<dt class='gallery-icon landscape'>\n\t\t\t\t<img loading=\"lazy\" decoding=\"async\" width=\"1024\" height=\"678\" src=\"https:\/\/www.alpine-heli.de\/wp-content\/uploads\/2013\/07\/HER_4291.jpg\" class=\"attachment-large size-large\" alt=\"\" srcset=\"https:\/\/www.alpine-heli.de\/wp-content\/uploads\/2013\/07\/HER_4291.jpg 1024w, https:\/\/www.alpine-heli.de\/wp-content\/uploads\/2013\/07\/HER_4291-300x198.jpg 300w, https:\/\/www.alpine-heli.de\/wp-content\/uploads\/2013\/07\/HER_4291-624x413.jpg 624w\" sizes=\"auto, (max-width: 1024px) 100vw, 1024px\" \/>\n\t\t\t<\/dt><\/dl><dl class='gallery-item'>\n\t\t\t<dt class='gallery-icon landscape'>\n\t\t\t\t<img loading=\"lazy\" decoding=\"async\" width=\"1024\" height=\"678\" src=\"https:\/\/www.alpine-heli.de\/wp-content\/uploads\/2013\/07\/HER_4302.jpg\" class=\"attachment-large size-large\" alt=\"\" srcset=\"https:\/\/www.alpine-heli.de\/wp-content\/uploads\/2013\/07\/HER_4302.jpg 1024w, https:\/\/www.alpine-heli.de\/wp-content\/uploads\/2013\/07\/HER_4302-300x198.jpg 300w, https:\/\/www.alpine-heli.de\/wp-content\/uploads\/2013\/07\/HER_4302-624x413.jpg 624w\" sizes=\"auto, (max-width: 1024px) 100vw, 1024px\" \/>\n\t\t\t<\/dt><\/dl><br style=\"clear: both\" \/><dl class='gallery-item'>\n\t\t\t<dt class='gallery-icon landscape'>\n\t\t\t\t<img loading=\"lazy\" decoding=\"async\" width=\"1024\" height=\"678\" src=\"https:\/\/www.alpine-heli.de\/wp-content\/uploads\/2013\/07\/HER_4318.jpg\" class=\"attachment-large size-large\" alt=\"\" srcset=\"https:\/\/www.alpine-heli.de\/wp-content\/uploads\/2013\/07\/HER_4318.jpg 1024w, https:\/\/www.alpine-heli.de\/wp-content\/uploads\/2013\/07\/HER_4318-300x198.jpg 300w, https:\/\/www.alpine-heli.de\/wp-content\/uploads\/2013\/07\/HER_4318-624x413.jpg 624w\" sizes=\"auto, (max-width: 1024px) 100vw, 1024px\" \/>\n\t\t\t<\/dt><\/dl><dl class='gallery-item'>\n\t\t\t<dt class='gallery-icon portrait'>\n\t\t\t\t<img loading=\"lazy\" decoding=\"async\" width=\"678\" height=\"1024\" src=\"https:\/\/www.alpine-heli.de\/wp-content\/uploads\/2013\/07\/HER_4319.jpg\" class=\"attachment-large size-large\" alt=\"\" srcset=\"https:\/\/www.alpine-heli.de\/wp-content\/uploads\/2013\/07\/HER_4319.jpg 678w, https:\/\/www.alpine-heli.de\/wp-content\/uploads\/2013\/07\/HER_4319-198x300.jpg 198w, https:\/\/www.alpine-heli.de\/wp-content\/uploads\/2013\/07\/HER_4319-624x942.jpg 624w\" sizes=\"auto, (max-width: 678px) 100vw, 678px\" \/>\n\t\t\t<\/dt><\/dl><dl class='gallery-item'>\n\t\t\t<dt class='gallery-icon landscape'>\n\t\t\t\t<img loading=\"lazy\" decoding=\"async\" width=\"1024\" height=\"678\" src=\"https:\/\/www.alpine-heli.de\/wp-content\/uploads\/2013\/07\/HER_4321.jpg\" class=\"attachment-large size-large\" alt=\"\" srcset=\"https:\/\/www.alpine-heli.de\/wp-content\/uploads\/2013\/07\/HER_4321.jpg 1024w, https:\/\/www.alpine-heli.de\/wp-content\/uploads\/2013\/07\/HER_4321-300x198.jpg 300w, https:\/\/www.alpine-heli.de\/wp-content\/uploads\/2013\/07\/HER_4321-624x413.jpg 624w\" sizes=\"auto, (max-width: 1024px) 100vw, 1024px\" \/>\n\t\t\t<\/dt><\/dl><dl class='gallery-item'>\n\t\t\t<dt class='gallery-icon landscape'>\n\t\t\t\t<img loading=\"lazy\" decoding=\"async\" width=\"1024\" height=\"678\" src=\"https:\/\/www.alpine-heli.de\/wp-content\/uploads\/2013\/07\/HER_4332.jpg\" class=\"attachment-large size-large\" alt=\"\" srcset=\"https:\/\/www.alpine-heli.de\/wp-content\/uploads\/2013\/07\/HER_4332.jpg 1024w, https:\/\/www.alpine-heli.de\/wp-content\/uploads\/2013\/07\/HER_4332-300x198.jpg 300w, https:\/\/www.alpine-heli.de\/wp-content\/uploads\/2013\/07\/HER_4332-624x413.jpg 624w\" sizes=\"auto, (max-width: 1024px) 100vw, 1024px\" \/>\n\t\t\t<\/dt><\/dl><dl class='gallery-item'>\n\t\t\t<dt class='gallery-icon landscape'>\n\t\t\t\t<img loading=\"lazy\" decoding=\"async\" width=\"1024\" height=\"678\" src=\"https:\/\/www.alpine-heli.de\/wp-content\/uploads\/2013\/07\/HER_4340.jpg\" class=\"attachment-large size-large\" alt=\"\" srcset=\"https:\/\/www.alpine-heli.de\/wp-content\/uploads\/2013\/07\/HER_4340.jpg 1024w, https:\/\/www.alpine-heli.de\/wp-content\/uploads\/2013\/07\/HER_4340-300x198.jpg 300w, https:\/\/www.alpine-heli.de\/wp-content\/uploads\/2013\/07\/HER_4340-624x413.jpg 624w\" sizes=\"auto, (max-width: 1024px) 100vw, 1024px\" \/>\n\t\t\t<\/dt><\/dl><br style=\"clear: both\" \/>\n\t\t<\/div>\n\n","protected":false},"excerpt":{"rendered":"<p>Am letztem Juli Wochenende 2013 luden die Modellflieger Freunde aus Coburg zu ihren Freundschaftsfliegen am vereinseigenen Platz. Bei 36 Grad Celsius schafften es doch einige Piloten aus Ebern und der n\u00e4heren Umgebung ihre Modelle in die Luft zu bekommen. Wir danken f\u00fcr die Gastfreundschaft und den selbstlosen Einsatz zweier Vereinsmitglieder mit dem Feuerl\u00f6scher, um das [&hellip;]<\/p>\n","protected":false},"author":1,"featured_media":0,"parent":1397,"menu_order":30,"comment_status":"closed","ping_status":"closed","template":"","meta":{"footnotes":""},"class_list":["post-3209","page","type-page","status-publish","hentry"],"_links":{"self":[{"href":"https:\/\/www.alpine-heli.de\/index.php?rest_route=\/wp\/v2\/pages\/3209","targetHints":{"allow":["GET"]}}],"collection":[{"href":"https:\/\/www.alpine-heli.de\/index.php?rest_route=\/wp\/v2\/pages"}],"about":[{"href":"https:\/\/www.alpine-heli.de\/index.php?rest_route=\/wp\/v2\/types\/page"}],"author":[{"embeddable":true,"href":"https:\/\/www.alpine-heli.de\/index.php?rest_route=\/wp\/v2\/users\/1"}],"replies":[{"embeddable":true,"href":"https:\/\/www.alpine-heli.de\/index.php?rest_route=%2Fwp%2Fv2%2Fcomments&post=3209"}],"version-history":[{"count":5,"href":"https:\/\/www.alpine-heli.de\/index.php?rest_route=\/wp\/v2\/pages\/3209\/revisions"}],"predecessor-version":[{"id":8890,"href":"https:\/\/www.alpine-heli.de\/index.php?rest_route=\/wp\/v2\/pages\/3209\/revisions\/8890"}],"up":[{"embeddable":true,"href":"https:\/\/www.alpine-heli.de\/index.php?rest_route=\/wp\/v2\/pages\/1397"}],"wp:attachment":[{"href":"https:\/\/www.alpine-heli.de\/index.php?rest_route=%2Fwp%2Fv2%2Fmedia&parent=3209"}],"curies":[{"name":"wp","href":"https:\/\/api.w.org\/{rel}","templated":true}]}}