{"id":3811,"date":"2013-10-26T17:27:02","date_gmt":"2013-10-26T16:27:02","guid":{"rendered":"http:\/\/www.alpine-heli.de\/?page_id=3811"},"modified":"2014-04-17T09:01:58","modified_gmt":"2014-04-17T08:01:58","slug":"speed-cup-2013","status":"publish","type":"page","link":"https:\/\/www.alpine-heli.de\/?page_id=3811","title":{"rendered":"2013 Speed Cup"},"content":{"rendered":"<p>Am 26.10.2013 veranstalteten wir\u00a0den\u00a0<strong> 1. Speed Cup<\/strong> der <strong>Alpine Heli Friends<\/strong> auf unseren Flugfeld.<br \/>\nDas Wetter war herrlich, und so konnten wir bei \u00fcber 20 Grad Celsius unsere Wertungsdurchl\u00e4ufe unter idealen Bedingungen durchf\u00fchren.<br \/>\n<a title=\"Speed Cup 2013\" href=\"https:\/\/www.alpine-heli.de\/?page_id=3811\"><img loading=\"lazy\" decoding=\"async\" class=\"aligncenter size-full wp-image-3814\" src=\"https:\/\/www.alpine-heli.de\/wp-content\/uploads\/2013\/10\/HER_6576.jpg\" alt=\"HER_6576\" width=\"1024\" height=\"450\" srcset=\"https:\/\/www.alpine-heli.de\/wp-content\/uploads\/2013\/10\/HER_6576.jpg 1024w, https:\/\/www.alpine-heli.de\/wp-content\/uploads\/2013\/10\/HER_6576-300x131.jpg 300w, https:\/\/www.alpine-heli.de\/wp-content\/uploads\/2013\/10\/HER_6576-624x274.jpg 624w\" sizes=\"auto, (max-width: 1024px) 100vw, 1024px\" \/><\/a>Es wurde in drei Klassen gestartet, so dass jedes Vereinsmitglied mit seinem Lieblingsspeedheli in der jeweiligen Klasse starten konnte. Manche starteten auch mehrfach, was nat\u00fcrlich gerne gesehen wurde.<br \/>\nDank an Markus An. f\u00fcr die Planung und Durchf\u00fchrung.<\/p>\n<p>Klasse C: &lt;= 3S<br \/>\nKlasse B: &lt;= 6S<br \/>\nKlasse A: &lt;= 12S<\/p>\n<h2>Endergebnisse:<\/h2>\n<table border=\"0\">\n<tbody>\n<tr>\n<td><\/td>\n<td>\n<h2>Klasse C &#8211; 3S<\/h2>\n<\/td>\n<td><\/td>\n<td><\/td>\n<\/tr>\n<tr>\n<td><strong>\u00a0Platz<\/strong><\/td>\n<td><strong>Name<\/strong><\/td>\n<td><strong>\u00a0Modell<\/strong><\/td>\n<td><strong>Durchschnittsgeschwindigkeit<\/strong><\/td>\n<\/tr>\n<tr>\n<td><strong>1.<\/strong><\/td>\n<td>\u00a0Ingo G\u00f6ckelmann<\/td>\n<td>\u00a0Fl\u00e4che<\/td>\n<td>\u00a0127 km\/h<\/td>\n<\/tr>\n<tr>\n<td><strong>2.<\/strong><\/td>\n<td>\u00a0Markus Angermaier<\/td>\n<td>\u00a0T-Rex 450<\/td>\n<td>\u00a0119 km\/h<\/td>\n<\/tr>\n<tr>\n<td><strong>3.<\/strong><\/td>\n<td>\u00a0Kilian Hahnenberg<\/td>\n<td>\u00a0Protos 450<\/td>\n<td>\u00a0105 km\/h<\/td>\n<\/tr>\n<\/tbody>\n<\/table>\n<p>&nbsp;<\/p>\n<table border=\"0\">\n<tbody>\n<tr>\n<td><\/td>\n<td>\n<h2>Klasse B &#8211; 6S<\/h2>\n<\/td>\n<td><\/td>\n<td><\/td>\n<\/tr>\n<tr>\n<td><strong>\u00a0Platz<\/strong><\/td>\n<td><strong>Name<\/strong><\/td>\n<td><strong>\u00a0Modell<\/strong><\/td>\n<td><strong>Durchschnittsgeschwindigkeit<\/strong><\/td>\n<\/tr>\n<tr>\n<td><strong>1.<\/strong><\/td>\n<td>\u00a0Theo H\u00e4usler<\/td>\n<td>\u00a0Goblin 500<\/td>\n<td>\u00a0157 km\/h<\/td>\n<\/tr>\n<tr>\n<td><strong>2.<\/strong><\/td>\n<td>\u00a0Ingo G\u00f6ckelmann<\/td>\n<td>\u00a0T-Rex 550DFC<\/td>\n<td>\u00a0146 km\/h<\/td>\n<\/tr>\n<tr>\n<td><strong>3.<\/strong><\/td>\n<td>\u00a0Markus Angermaier<\/td>\n<td>\u00a0Logo 600<\/td>\n<td>\u00a0134 km\/h<\/td>\n<\/tr>\n<tr>\n<td><strong>4.<\/strong><\/td>\n<td>\u00a0Werner Herold<\/td>\n<td>\u00a0T-Rex 550DFC<\/td>\n<td>\u00a0102 km\/h<\/td>\n<\/tr>\n<tr>\n<td><strong>5.<\/strong><\/td>\n<td>\u00a0Nico Kelling<\/td>\n<td>\u00a0T-Rex 500<\/td>\n<td>&#8211; keine Wertung &#8211;<\/td>\n<\/tr>\n<\/tbody>\n<\/table>\n<p>&nbsp;<\/p>\n<table border=\"0\">\n<tbody>\n<tr>\n<td><\/td>\n<td>\n<h2>Klasse A -12S<\/h2>\n<\/td>\n<td><\/td>\n<td><\/td>\n<\/tr>\n<tr>\n<td><strong>\u00a0Platz<\/strong><\/td>\n<td><strong>Name<\/strong><\/td>\n<td><strong>\u00a0Modell<\/strong><\/td>\n<td><strong>Durchschnittsgeschwindigkeit<\/strong><\/td>\n<\/tr>\n<tr>\n<td><strong>1.<\/strong><\/td>\n<td>\u00a0Wolfgang Hahnenberg<\/td>\n<td>\u00a0TDR<\/td>\n<td>\u00a0210 km\/h<\/td>\n<\/tr>\n<tr>\n<td><strong>2.<\/strong><\/td>\n<td>\u00a0Kilian Hahnenberg<\/td>\n<td>\u00a0TDR<\/td>\n<td>\u00a0196 km\/h<\/td>\n<\/tr>\n<tr>\n<td><strong>3.<\/strong><\/td>\n<td>\u00a0Theo H\u00e4usler<\/td>\n<td>\u00a0Gobiln 700<\/td>\n<td>\u00a0188 km\/h<\/td>\n<\/tr>\n<tr>\n<td><strong>4.<\/strong><\/td>\n<td>Manuel Rypalla<\/td>\n<td>\u00a0TDR<\/td>\n<td>\u00a0162 km\/h<\/td>\n<\/tr>\n<tr>\n<td><strong>5.<\/strong><\/td>\n<td>Sven Murmann<\/td>\n<td>\u00a0T-Rex 700<\/td>\n<td>\u00a0130 km\/h<\/td>\n<\/tr>\n<tr>\n<td><strong>6.<\/strong><\/td>\n<td>Jan-Oliver Eilers<\/td>\n<td>\u00a0T-Rex 700<\/td>\n<td>\u00a0107 km\/h<\/td>\n<\/tr>\n<tr>\n<td><strong>7.<\/strong><\/td>\n<td>Nico Kelling<\/td>\n<td>\u00a0TDR<\/td>\n<td>&#8211; keine Wertung &#8211;<\/td>\n<\/tr>\n<\/tbody>\n<\/table>\n\n\t\t<style type=\"text\/css\">\n\t\t\t#gallery-1 {\n\t\t\t\tmargin: auto;\n\t\t\t}\n\t\t\t#gallery-1 .gallery-item {\n\t\t\t\tfloat: left;\n\t\t\t\tmargin-top: 10px;\n\t\t\t\ttext-align: center;\n\t\t\t\twidth: 20%;\n\t\t\t}\n\t\t\t#gallery-1 img {\n\t\t\t\tborder: 2px solid #cfcfcf;\n\t\t\t}\n\t\t\t#gallery-1 .gallery-caption {\n\t\t\t\tmargin-left: 0;\n\t\t\t}\n\t\t\t\/* see gallery_shortcode() in wp-includes\/media.php *\/\n\t\t<\/style>\n\t\t<div id='gallery-1' class='gallery galleryid-3811 gallery-columns-5 gallery-size-thumbnail'><dl class='gallery-item'>\n\t\t\t<dt class='gallery-icon landscape'>\n\t\t\t\t<a href='https:\/\/www.alpine-heli.de\/?attachment_id=3818'><img loading=\"lazy\" decoding=\"async\" width=\"150\" height=\"150\" src=\"https:\/\/www.alpine-heli.de\/wp-content\/uploads\/2013\/10\/HER_6521-150x150.jpg\" class=\"attachment-thumbnail size-thumbnail\" alt=\"\" aria-describedby=\"gallery-1-3818\" \/><\/a>\n\t\t\t<\/dt>\n\t\t\t\t<dd class='wp-caption-text gallery-caption' id='gallery-1-3818'>\n\t\t\t\tKilian Hahnenberg\n\t\t\t\t<\/dd><\/dl><dl class='gallery-item'>\n\t\t\t<dt class='gallery-icon landscape'>\n\t\t\t\t<a href='https:\/\/www.alpine-heli.de\/?attachment_id=3819'><img loading=\"lazy\" decoding=\"async\" width=\"150\" height=\"150\" src=\"https:\/\/www.alpine-heli.de\/wp-content\/uploads\/2013\/10\/HER_6523-150x150.jpg\" class=\"attachment-thumbnail size-thumbnail\" alt=\"\" aria-describedby=\"gallery-1-3819\" \/><\/a>\n\t\t\t<\/dt>\n\t\t\t\t<dd class='wp-caption-text gallery-caption' id='gallery-1-3819'>\n\t\t\t\tMarkus`s Logo\n\t\t\t\t<\/dd><\/dl><dl class='gallery-item'>\n\t\t\t<dt class='gallery-icon landscape'>\n\t\t\t\t<a href='https:\/\/www.alpine-heli.de\/?attachment_id=3820'><img loading=\"lazy\" decoding=\"async\" width=\"150\" height=\"150\" src=\"https:\/\/www.alpine-heli.de\/wp-content\/uploads\/2013\/10\/HER_6525-150x150.jpg\" class=\"attachment-thumbnail size-thumbnail\" alt=\"\" aria-describedby=\"gallery-1-3820\" \/><\/a>\n\t\t\t<\/dt>\n\t\t\t\t<dd class='wp-caption-text gallery-caption' id='gallery-1-3820'>\n\t\t\t\tTeampiloten\n\t\t\t\t<\/dd><\/dl><dl class='gallery-item'>\n\t\t\t<dt class='gallery-icon landscape'>\n\t\t\t\t<a href='https:\/\/www.alpine-heli.de\/?attachment_id=3821'><img loading=\"lazy\" decoding=\"async\" width=\"150\" height=\"150\" src=\"https:\/\/www.alpine-heli.de\/wp-content\/uploads\/2013\/10\/HER_6530-150x150.jpg\" class=\"attachment-thumbnail size-thumbnail\" alt=\"\" aria-describedby=\"gallery-1-3821\" \/><\/a>\n\t\t\t<\/dt>\n\t\t\t\t<dd class='wp-caption-text gallery-caption' id='gallery-1-3821'>\n\t\t\t\tBriefing\n\t\t\t\t<\/dd><\/dl><dl class='gallery-item'>\n\t\t\t<dt class='gallery-icon landscape'>\n\t\t\t\t<a href='https:\/\/www.alpine-heli.de\/?attachment_id=3822'><img loading=\"lazy\" decoding=\"async\" width=\"150\" height=\"150\" src=\"https:\/\/www.alpine-heli.de\/wp-content\/uploads\/2013\/10\/HER_6531-150x150.jpg\" class=\"attachment-thumbnail size-thumbnail\" alt=\"\" aria-describedby=\"gallery-1-3822\" \/><\/a>\n\t\t\t<\/dt>\n\t\t\t\t<dd class='wp-caption-text gallery-caption' id='gallery-1-3822'>\n\t\t\t\tTDR`s\n\t\t\t\t<\/dd><\/dl><br style=\"clear: both\" \/><dl class='gallery-item'>\n\t\t\t<dt class='gallery-icon landscape'>\n\t\t\t\t<a href='https:\/\/www.alpine-heli.de\/?attachment_id=3823'><img loading=\"lazy\" decoding=\"async\" width=\"150\" height=\"150\" src=\"https:\/\/www.alpine-heli.de\/wp-content\/uploads\/2013\/10\/HER_6540-150x150.jpg\" class=\"attachment-thumbnail size-thumbnail\" alt=\"\" aria-describedby=\"gallery-1-3823\" \/><\/a>\n\t\t\t<\/dt>\n\t\t\t\t<dd class='wp-caption-text gallery-caption' id='gallery-1-3823'>\n\t\t\t\tIngo\n\t\t\t\t<\/dd><\/dl><dl class='gallery-item'>\n\t\t\t<dt class='gallery-icon landscape'>\n\t\t\t\t<a href='https:\/\/www.alpine-heli.de\/?attachment_id=3824'><img loading=\"lazy\" decoding=\"async\" width=\"150\" height=\"150\" src=\"https:\/\/www.alpine-heli.de\/wp-content\/uploads\/2013\/10\/HER_6543-150x150.jpg\" class=\"attachment-thumbnail size-thumbnail\" alt=\"\" aria-describedby=\"gallery-1-3824\" \/><\/a>\n\t\t\t<\/dt>\n\t\t\t\t<dd class='wp-caption-text gallery-caption' id='gallery-1-3824'>\n\t\t\t\tOhh&#8230;\n\t\t\t\t<\/dd><\/dl><dl class='gallery-item'>\n\t\t\t<dt class='gallery-icon landscape'>\n\t\t\t\t<a href='https:\/\/www.alpine-heli.de\/?attachment_id=3825'><img loading=\"lazy\" decoding=\"async\" width=\"150\" height=\"150\" src=\"https:\/\/www.alpine-heli.de\/wp-content\/uploads\/2013\/10\/HER_6544-150x150.jpg\" class=\"attachment-thumbnail size-thumbnail\" alt=\"\" aria-describedby=\"gallery-1-3825\" \/><\/a>\n\t\t\t<\/dt>\n\t\t\t\t<dd class='wp-caption-text gallery-caption' id='gallery-1-3825'>\n\t\t\t\tR\u00fcckansicht\n\t\t\t\t<\/dd><\/dl><dl class='gallery-item'>\n\t\t\t<dt class='gallery-icon landscape'>\n\t\t\t\t<a href='https:\/\/www.alpine-heli.de\/?attachment_id=3826'><img loading=\"lazy\" decoding=\"async\" width=\"150\" height=\"150\" src=\"https:\/\/www.alpine-heli.de\/wp-content\/uploads\/2013\/10\/HER_6545-150x150.jpg\" class=\"attachment-thumbnail size-thumbnail\" alt=\"\" aria-describedby=\"gallery-1-3826\" \/><\/a>\n\t\t\t<\/dt>\n\t\t\t\t<dd class='wp-caption-text gallery-caption' id='gallery-1-3826'>\n\t\t\t\tMarkus Angermaier\n\t\t\t\t<\/dd><\/dl><dl class='gallery-item'>\n\t\t\t<dt class='gallery-icon landscape'>\n\t\t\t\t<a href='https:\/\/www.alpine-heli.de\/?attachment_id=3827'><img loading=\"lazy\" decoding=\"async\" width=\"150\" height=\"150\" src=\"https:\/\/www.alpine-heli.de\/wp-content\/uploads\/2013\/10\/HER_6549-150x150.jpg\" class=\"attachment-thumbnail size-thumbnail\" alt=\"\" aria-describedby=\"gallery-1-3827\" \/><\/a>\n\t\t\t<\/dt>\n\t\t\t\t<dd class='wp-caption-text gallery-caption' id='gallery-1-3827'>\n\t\t\t\tK\u00e4mpfen\n\t\t\t\t<\/dd><\/dl><br style=\"clear: both\" \/><dl class='gallery-item'>\n\t\t\t<dt class='gallery-icon landscape'>\n\t\t\t\t<a href='https:\/\/www.alpine-heli.de\/?attachment_id=3828'><img loading=\"lazy\" decoding=\"async\" width=\"150\" height=\"150\" src=\"https:\/\/www.alpine-heli.de\/wp-content\/uploads\/2013\/10\/HER_6551-150x150.jpg\" class=\"attachment-thumbnail size-thumbnail\" alt=\"\" aria-describedby=\"gallery-1-3828\" \/><\/a>\n\t\t\t<\/dt>\n\t\t\t\t<dd class='wp-caption-text gallery-caption' id='gallery-1-3828'>\n\t\t\t\tKontrolle\n\t\t\t\t<\/dd><\/dl><dl class='gallery-item'>\n\t\t\t<dt class='gallery-icon landscape'>\n\t\t\t\t<a href='https:\/\/www.alpine-heli.de\/?attachment_id=3829'><img loading=\"lazy\" decoding=\"async\" width=\"150\" height=\"150\" src=\"https:\/\/www.alpine-heli.de\/wp-content\/uploads\/2013\/10\/HER_6553-150x150.jpg\" class=\"attachment-thumbnail size-thumbnail\" alt=\"\" aria-describedby=\"gallery-1-3829\" \/><\/a>\n\t\t\t<\/dt>\n\t\t\t\t<dd class='wp-caption-text gallery-caption' id='gallery-1-3829'>\n\t\t\t\tSchee is!\n\t\t\t\t<\/dd><\/dl><dl class='gallery-item'>\n\t\t\t<dt class='gallery-icon landscape'>\n\t\t\t\t<a href='https:\/\/www.alpine-heli.de\/?attachment_id=3830'><img loading=\"lazy\" decoding=\"async\" width=\"150\" height=\"150\" src=\"https:\/\/www.alpine-heli.de\/wp-content\/uploads\/2013\/10\/HER_6554-150x150.jpg\" class=\"attachment-thumbnail size-thumbnail\" alt=\"\" aria-describedby=\"gallery-1-3830\" \/><\/a>\n\t\t\t<\/dt>\n\t\t\t\t<dd class='wp-caption-text gallery-caption' id='gallery-1-3830'>\n\t\t\t\tIngo G\u00f6ckelmann\n\t\t\t\t<\/dd><\/dl><dl class='gallery-item'>\n\t\t\t<dt class='gallery-icon landscape'>\n\t\t\t\t<a href='https:\/\/www.alpine-heli.de\/?attachment_id=3831'><img loading=\"lazy\" decoding=\"async\" width=\"150\" height=\"150\" src=\"https:\/\/www.alpine-heli.de\/wp-content\/uploads\/2013\/10\/HER_6556-150x150.jpg\" class=\"attachment-thumbnail size-thumbnail\" alt=\"\" aria-describedby=\"gallery-1-3831\" \/><\/a>\n\t\t\t<\/dt>\n\t\t\t\t<dd class='wp-caption-text gallery-caption' id='gallery-1-3831'>\n\t\t\t\tHeckansicht\n\t\t\t\t<\/dd><\/dl><dl class='gallery-item'>\n\t\t\t<dt class='gallery-icon landscape'>\n\t\t\t\t<a href='https:\/\/www.alpine-heli.de\/?attachment_id=3832'><img loading=\"lazy\" decoding=\"async\" width=\"150\" height=\"150\" src=\"https:\/\/www.alpine-heli.de\/wp-content\/uploads\/2013\/10\/HER_6558-150x150.jpg\" class=\"attachment-thumbnail size-thumbnail\" alt=\"\" aria-describedby=\"gallery-1-3832\" \/><\/a>\n\t\t\t<\/dt>\n\t\t\t\t<dd class='wp-caption-text gallery-caption' id='gallery-1-3832'>\n\t\t\t\t&#8222;seltene G\u00e4ste&#8220;\n\t\t\t\t<\/dd><\/dl><br style=\"clear: both\" \/><dl class='gallery-item'>\n\t\t\t<dt class='gallery-icon landscape'>\n\t\t\t\t<a href='https:\/\/www.alpine-heli.de\/?attachment_id=3833'><img loading=\"lazy\" decoding=\"async\" width=\"150\" height=\"150\" src=\"https:\/\/www.alpine-heli.de\/wp-content\/uploads\/2013\/10\/HER_6562-150x150.jpg\" class=\"attachment-thumbnail size-thumbnail\" alt=\"\" aria-describedby=\"gallery-1-3833\" \/><\/a>\n\t\t\t<\/dt>\n\t\t\t\t<dd class='wp-caption-text gallery-caption' id='gallery-1-3833'>\n\t\t\t\tWolfgang Hahnenberg\n\t\t\t\t<\/dd><\/dl><dl class='gallery-item'>\n\t\t\t<dt class='gallery-icon landscape'>\n\t\t\t\t<a href='https:\/\/www.alpine-heli.de\/?attachment_id=3834'><img loading=\"lazy\" decoding=\"async\" width=\"150\" height=\"150\" src=\"https:\/\/www.alpine-heli.de\/wp-content\/uploads\/2013\/10\/HER_6563-150x150.jpg\" class=\"attachment-thumbnail size-thumbnail\" alt=\"\" aria-describedby=\"gallery-1-3834\" \/><\/a>\n\t\t\t<\/dt>\n\t\t\t\t<dd class='wp-caption-text gallery-caption' id='gallery-1-3834'>\n\t\t\t\tJan-Oliver Eilers\n\t\t\t\t<\/dd><\/dl><dl class='gallery-item'>\n\t\t\t<dt class='gallery-icon landscape'>\n\t\t\t\t<a href='https:\/\/www.alpine-heli.de\/?attachment_id=3835'><img loading=\"lazy\" decoding=\"async\" width=\"150\" height=\"150\" src=\"https:\/\/www.alpine-heli.de\/wp-content\/uploads\/2013\/10\/HER_6564-150x150.jpg\" class=\"attachment-thumbnail size-thumbnail\" alt=\"\" aria-describedby=\"gallery-1-3835\" \/><\/a>\n\t\t\t<\/dt>\n\t\t\t\t<dd class='wp-caption-text gallery-caption' id='gallery-1-3835'>\n\t\t\t\tTheo H\u00e4usler- Karin Vielberth\n\t\t\t\t<\/dd><\/dl><dl class='gallery-item'>\n\t\t\t<dt class='gallery-icon landscape'>\n\t\t\t\t<a href='https:\/\/www.alpine-heli.de\/?attachment_id=3836'><img loading=\"lazy\" decoding=\"async\" width=\"150\" height=\"150\" src=\"https:\/\/www.alpine-heli.de\/wp-content\/uploads\/2013\/10\/HER_6567-150x150.jpg\" class=\"attachment-thumbnail size-thumbnail\" alt=\"\" aria-describedby=\"gallery-1-3836\" \/><\/a>\n\t\t\t<\/dt>\n\t\t\t\t<dd class='wp-caption-text gallery-caption' id='gallery-1-3836'>\n\t\t\t\tRotorblatt im Querschnitt\n\t\t\t\t<\/dd><\/dl><dl class='gallery-item'>\n\t\t\t<dt class='gallery-icon landscape'>\n\t\t\t\t<a href='https:\/\/www.alpine-heli.de\/?attachment_id=3837'><img loading=\"lazy\" decoding=\"async\" width=\"150\" height=\"150\" src=\"https:\/\/www.alpine-heli.de\/wp-content\/uploads\/2013\/10\/HER_6569-150x150.jpg\" class=\"attachment-thumbnail size-thumbnail\" alt=\"\" aria-describedby=\"gallery-1-3837\" \/><\/a>\n\t\t\t<\/dt>\n\t\t\t\t<dd class='wp-caption-text gallery-caption' id='gallery-1-3837'>\n\t\t\t\tManuel Rypalla\n\t\t\t\t<\/dd><\/dl><br style=\"clear: both\" \/><dl class='gallery-item'>\n\t\t\t<dt class='gallery-icon landscape'>\n\t\t\t\t<a href='https:\/\/www.alpine-heli.de\/?attachment_id=3838'><img loading=\"lazy\" decoding=\"async\" width=\"150\" height=\"150\" src=\"https:\/\/www.alpine-heli.de\/wp-content\/uploads\/2013\/10\/HER_6571-150x150.jpg\" class=\"attachment-thumbnail size-thumbnail\" alt=\"\" aria-describedby=\"gallery-1-3838\" \/><\/a>\n\t\t\t<\/dt>\n\t\t\t\t<dd class='wp-caption-text gallery-caption' id='gallery-1-3838'>\n\t\t\t\tJan-Oliver\n\t\t\t\t<\/dd><\/dl><dl class='gallery-item'>\n\t\t\t<dt class='gallery-icon landscape'>\n\t\t\t\t<a href='https:\/\/www.alpine-heli.de\/?attachment_id=3839'><img loading=\"lazy\" decoding=\"async\" width=\"150\" height=\"150\" src=\"https:\/\/www.alpine-heli.de\/wp-content\/uploads\/2013\/10\/HER_6575-150x150.jpg\" class=\"attachment-thumbnail size-thumbnail\" alt=\"\" aria-describedby=\"gallery-1-3839\" \/><\/a>\n\t\t\t<\/dt>\n\t\t\t\t<dd class='wp-caption-text gallery-caption' id='gallery-1-3839'>\n\t\t\t\tTeilnehmer (Theo fehlt)\n\t\t\t\t<\/dd><\/dl><dl class='gallery-item'>\n\t\t\t<dt class='gallery-icon landscape'>\n\t\t\t\t<a href='https:\/\/www.alpine-heli.de\/?attachment_id=3841'><img loading=\"lazy\" decoding=\"async\" width=\"150\" height=\"150\" src=\"https:\/\/www.alpine-heli.de\/wp-content\/uploads\/2013\/10\/HER_6585-150x150.jpg\" class=\"attachment-thumbnail size-thumbnail\" alt=\"\" aria-describedby=\"gallery-1-3841\" \/><\/a>\n\t\t\t<\/dt>\n\t\t\t\t<dd class='wp-caption-text gallery-caption' id='gallery-1-3841'>\n\t\t\t\tVorstand\n\t\t\t\t<\/dd><\/dl><dl class='gallery-item'>\n\t\t\t<dt class='gallery-icon landscape'>\n\t\t\t\t<a href='https:\/\/www.alpine-heli.de\/?attachment_id=3842'><img loading=\"lazy\" decoding=\"async\" width=\"150\" height=\"150\" src=\"https:\/\/www.alpine-heli.de\/wp-content\/uploads\/2013\/10\/HER_6588-150x150.jpg\" class=\"attachment-thumbnail size-thumbnail\" alt=\"\" aria-describedby=\"gallery-1-3842\" \/><\/a>\n\t\t\t<\/dt>\n\t\t\t\t<dd class='wp-caption-text gallery-caption' id='gallery-1-3842'>\n\t\t\t\tSiegerehrung\n\t\t\t\t<\/dd><\/dl><dl class='gallery-item'>\n\t\t\t<dt class='gallery-icon landscape'>\n\t\t\t\t<a href='https:\/\/www.alpine-heli.de\/?attachment_id=3843'><img loading=\"lazy\" decoding=\"async\" width=\"150\" height=\"150\" src=\"https:\/\/www.alpine-heli.de\/wp-content\/uploads\/2013\/10\/HER_6596-150x150.jpg\" class=\"attachment-thumbnail size-thumbnail\" alt=\"\" aria-describedby=\"gallery-1-3843\" \/><\/a>\n\t\t\t<\/dt>\n\t\t\t\t<dd class='wp-caption-text gallery-caption' id='gallery-1-3843'>\n\t\t\t\tSo sehen junge Sieger aus\n\t\t\t\t<\/dd><\/dl><br style=\"clear: both\" \/><dl class='gallery-item'>\n\t\t\t<dt class='gallery-icon landscape'>\n\t\t\t\t<a href='https:\/\/www.alpine-heli.de\/?attachment_id=3844'><img loading=\"lazy\" decoding=\"async\" width=\"150\" height=\"150\" src=\"https:\/\/www.alpine-heli.de\/wp-content\/uploads\/2013\/10\/HER_6598-150x150.jpg\" class=\"attachment-thumbnail size-thumbnail\" alt=\"\" aria-describedby=\"gallery-1-3844\" \/><\/a>\n\t\t\t<\/dt>\n\t\t\t\t<dd class='wp-caption-text gallery-caption' id='gallery-1-3844'>\n\t\t\t\tSieger in Klasse A\n\t\t\t\t<\/dd><\/dl>\n\t\t\t<br style='clear: both' \/>\n\t\t<\/div>\n\n","protected":false},"excerpt":{"rendered":"<p>Am 26.10.2013 veranstalteten wir\u00a0den\u00a0 1. Speed Cup der Alpine Heli Friends auf unseren Flugfeld. Das Wetter war herrlich, und so konnten wir bei \u00fcber 20 Grad Celsius unsere Wertungsdurchl\u00e4ufe unter idealen Bedingungen durchf\u00fchren. Es wurde in drei Klassen gestartet, so dass jedes Vereinsmitglied mit seinem Lieblingsspeedheli in der jeweiligen Klasse starten konnte. Manche starteten auch [&hellip;]<\/p>\n","protected":false},"author":1,"featured_media":0,"parent":636,"menu_order":550,"comment_status":"closed","ping_status":"closed","template":"","meta":{"footnotes":""},"class_list":["post-3811","page","type-page","status-publish","hentry"],"_links":{"self":[{"href":"https:\/\/www.alpine-heli.de\/index.php?rest_route=\/wp\/v2\/pages\/3811","targetHints":{"allow":["GET"]}}],"collection":[{"href":"https:\/\/www.alpine-heli.de\/index.php?rest_route=\/wp\/v2\/pages"}],"about":[{"href":"https:\/\/www.alpine-heli.de\/index.php?rest_route=\/wp\/v2\/types\/page"}],"author":[{"embeddable":true,"href":"https:\/\/www.alpine-heli.de\/index.php?rest_route=\/wp\/v2\/users\/1"}],"replies":[{"embeddable":true,"href":"https:\/\/www.alpine-heli.de\/index.php?rest_route=%2Fwp%2Fv2%2Fcomments&post=3811"}],"version-history":[{"count":26,"href":"https:\/\/www.alpine-heli.de\/index.php?rest_route=\/wp\/v2\/pages\/3811\/revisions"}],"predecessor-version":[{"id":5211,"href":"https:\/\/www.alpine-heli.de\/index.php?rest_route=\/wp\/v2\/pages\/3811\/revisions\/5211"}],"up":[{"embeddable":true,"href":"https:\/\/www.alpine-heli.de\/index.php?rest_route=\/wp\/v2\/pages\/636"}],"wp:attachment":[{"href":"https:\/\/www.alpine-heli.de\/index.php?rest_route=%2Fwp%2Fv2%2Fmedia&parent=3811"}],"curies":[{"name":"wp","href":"https:\/\/api.w.org\/{rel}","templated":true}]}}