{"id":45,"date":"2013-01-05T14:02:26","date_gmt":"2013-01-05T12:02:26","guid":{"rendered":"http:\/\/www.werner-herold.de\/wordpress\/?page_id=45"},"modified":"2026-03-02T15:18:25","modified_gmt":"2026-03-02T14:18:25","slug":"mitgliedschaft","status":"publish","type":"page","link":"https:\/\/www.alpine-heli.de\/?page_id=45","title":{"rendered":"Mitgliedschaft"},"content":{"rendered":"<p><span style=\"font-size: 14pt;\">Hier finden Sie einen\u00a0Aufnahmeantrag\u00a0zum <strong>Modellbauverein Alpine Heli Friends e.V.<\/strong><\/span><\/p>\n<p><span style=\"font-size: 14pt;\">Bitte beachten Sie, das nach Abgabe des Mitgliedsantrag der Vorstand \u00fcber die Aufnahme entscheidet! Sehen Sie bitte bis dahin von Zahlungen ab, bis Sie eine Entscheidung \u00fcber die Aufnahme erhalten.<\/span><\/p>\n<p><span style=\"font-size: 14pt;\">Die aktuellen Beitr\u00e4ge finden Sie in der Beitragsordnung.<\/span><\/p>\n<p><span style=\"font-size: 14pt;\"><strong>Dokumente zum Download<\/strong><\/span><\/p>\n<p><span style=\"font-size: 14pt;\"><img loading=\"lazy\" decoding=\"async\" class=\"alignleft size-full wp-image-4226\" src=\"https:\/\/www.alpine-heli.de\/wp-content\/uploads\/2013\/01\/Download_50x50.png\" alt=\"Download_50x50\" width=\"56\" height=\"56\" \/><\/span><br \/>\n<span style=\"font-size: 14pt;\"><a href=\"https:\/\/www.alpine-heli.de\/?attachment_id=4233\" rel=\"attachment wp-att-4233\">Aufnahmeantrag <\/a><\/span><\/p>\n<p>&nbsp;<\/p>\n<p><span style=\"font-size: 14pt;\"><a href=\"https:\/\/www.alpine-heli.de\/wp-content\/uploads\/2013\/01\/Download_50x50.png\"><img loading=\"lazy\" decoding=\"async\" class=\"alignleft size-full wp-image-4226\" src=\"https:\/\/www.alpine-heli.de\/wp-content\/uploads\/2013\/01\/Download_50x50.png\" alt=\"Download_50x50\" width=\"56\" height=\"56\" \/><\/a><a href=\"https:\/\/www.alpine-heli.de\/?attachment_id=5679\" rel=\"attachment wp-att-5679\">Beitragsordnung<br \/>\n<\/a>Da die Beitr\u00e4ge stabil geblieben sind, gilt weiterhin der Beitragssatz von 2014.<\/span><\/p>\n<p>&nbsp;<\/p>\n<p>&nbsp;<\/p>\n<p style=\"text-align: left;\"><span style=\"font-size: medium;\"><strong>\u00a0<\/strong><\/span><\/p>\n","protected":false},"excerpt":{"rendered":"<p>Hier finden Sie einen\u00a0Aufnahmeantrag\u00a0zum Modellbauverein Alpine Heli Friends e.V. Bitte beachten Sie, das nach Abgabe des Mitgliedsantrag der Vorstand \u00fcber die Aufnahme entscheidet! Sehen Sie bitte bis dahin von Zahlungen ab, bis Sie eine Entscheidung \u00fcber die Aufnahme erhalten. Die aktuellen Beitr\u00e4ge finden Sie in der Beitragsordnung. Dokumente zum Download Aufnahmeantrag &nbsp; Beitragsordnung Da die [&hellip;]<\/p>\n","protected":false},"author":1,"featured_media":0,"parent":2,"menu_order":8,"comment_status":"closed","ping_status":"closed","template":"","meta":{"footnotes":""},"class_list":["post-45","page","type-page","status-publish","hentry"],"_links":{"self":[{"href":"https:\/\/www.alpine-heli.de\/index.php?rest_route=\/wp\/v2\/pages\/45","targetHints":{"allow":["GET"]}}],"collection":[{"href":"https:\/\/www.alpine-heli.de\/index.php?rest_route=\/wp\/v2\/pages"}],"about":[{"href":"https:\/\/www.alpine-heli.de\/index.php?rest_route=\/wp\/v2\/types\/page"}],"author":[{"embeddable":true,"href":"https:\/\/www.alpine-heli.de\/index.php?rest_route=\/wp\/v2\/users\/1"}],"replies":[{"embeddable":true,"href":"https:\/\/www.alpine-heli.de\/index.php?rest_route=%2Fwp%2Fv2%2Fcomments&post=45"}],"version-history":[{"count":36,"href":"https:\/\/www.alpine-heli.de\/index.php?rest_route=\/wp\/v2\/pages\/45\/revisions"}],"predecessor-version":[{"id":8960,"href":"https:\/\/www.alpine-heli.de\/index.php?rest_route=\/wp\/v2\/pages\/45\/revisions\/8960"}],"up":[{"embeddable":true,"href":"https:\/\/www.alpine-heli.de\/index.php?rest_route=\/wp\/v2\/pages\/2"}],"wp:attachment":[{"href":"https:\/\/www.alpine-heli.de\/index.php?rest_route=%2Fwp%2Fv2%2Fmedia&parent=45"}],"curies":[{"name":"wp","href":"https:\/\/api.w.org\/{rel}","templated":true}]}}