{"id":8926,"date":"2026-01-20T13:10:48","date_gmt":"2026-01-20T12:10:48","guid":{"rendered":"https:\/\/www.alpine-heli.de\/?page_id=8926"},"modified":"2026-03-02T15:18:47","modified_gmt":"2026-03-02T14:18:47","slug":"ehrentafel","status":"publish","type":"page","link":"https:\/\/www.alpine-heli.de\/?page_id=8926","title":{"rendered":"Ehrentafel"},"content":{"rendered":"<table style=\"border-collapse: collapse; width: 100%;\">\n<tbody>\n<tr>\n<td style=\"width: 33.333333%;\"><img loading=\"lazy\" decoding=\"async\" class=\"alignleft wp-image-8603 size-medium\" src=\"https:\/\/www.alpine-heli.de\/wp-content\/uploads\/2025\/11\/IMG_6589-2-edited-225x300.jpg\" alt=\"\" width=\"225\" height=\"300\" srcset=\"https:\/\/www.alpine-heli.de\/wp-content\/uploads\/2025\/11\/IMG_6589-2-edited-225x300.jpg 225w, https:\/\/www.alpine-heli.de\/wp-content\/uploads\/2025\/11\/IMG_6589-2-edited-112x150.jpg 112w, https:\/\/www.alpine-heli.de\/wp-content\/uploads\/2025\/11\/IMG_6589-2-edited.jpg 263w\" sizes=\"auto, (max-width: 225px) 100vw, 225px\" \/><\/td>\n<td style=\"width: 2.943189%;\"><\/td>\n<td style=\"width: 63.723477%;\"><span style=\"font-size: 14pt;\">Mit gro\u00dfer Best\u00fcrzung haben wir vom Tod unseres Vereinsmitglieds, 2. Vorstands, Gr\u00fcndungsmitglied und gesch\u00e4tzten Freund Markus Angermaier erfahren. Sein Engagement und seine Leidenschaft f\u00fcr den Modellflug haben unseren Verein von Anfang an bereichert und gepr\u00e4gt.<\/span><br \/>\n<span style=\"font-size: 14pt;\">Wir werden ihn sehr vermissen und sein Andenken in Ehren halten.<\/span><\/p>\n<p style=\"text-align: left;\"><span style=\"font-size: 14pt;\">24.07.2025<\/span><\/p>\n<\/td>\n<\/tr>\n<\/tbody>\n<\/table>\n","protected":false},"excerpt":{"rendered":"<p>Mit gro\u00dfer Best\u00fcrzung haben wir vom Tod unseres Vereinsmitglieds, 2. Vorstands, Gr\u00fcndungsmitglied und gesch\u00e4tzten Freund Markus Angermaier erfahren. Sein Engagement und seine Leidenschaft f\u00fcr den Modellflug haben unseren Verein von Anfang an bereichert und gepr\u00e4gt. Wir werden ihn sehr vermissen und sein Andenken in Ehren halten. 24.07.2025<\/p>\n","protected":false},"author":1,"featured_media":0,"parent":2,"menu_order":1,"comment_status":"closed","ping_status":"closed","template":"","meta":{"footnotes":""},"class_list":["post-8926","page","type-page","status-publish","hentry"],"_links":{"self":[{"href":"https:\/\/www.alpine-heli.de\/index.php?rest_route=\/wp\/v2\/pages\/8926","targetHints":{"allow":["GET"]}}],"collection":[{"href":"https:\/\/www.alpine-heli.de\/index.php?rest_route=\/wp\/v2\/pages"}],"about":[{"href":"https:\/\/www.alpine-heli.de\/index.php?rest_route=\/wp\/v2\/types\/page"}],"author":[{"embeddable":true,"href":"https:\/\/www.alpine-heli.de\/index.php?rest_route=\/wp\/v2\/users\/1"}],"replies":[{"embeddable":true,"href":"https:\/\/www.alpine-heli.de\/index.php?rest_route=%2Fwp%2Fv2%2Fcomments&post=8926"}],"version-history":[{"count":7,"href":"https:\/\/www.alpine-heli.de\/index.php?rest_route=\/wp\/v2\/pages\/8926\/revisions"}],"predecessor-version":[{"id":8961,"href":"https:\/\/www.alpine-heli.de\/index.php?rest_route=\/wp\/v2\/pages\/8926\/revisions\/8961"}],"up":[{"embeddable":true,"href":"https:\/\/www.alpine-heli.de\/index.php?rest_route=\/wp\/v2\/pages\/2"}],"wp:attachment":[{"href":"https:\/\/www.alpine-heli.de\/index.php?rest_route=%2Fwp%2Fv2%2Fmedia&parent=8926"}],"curies":[{"name":"wp","href":"https:\/\/api.w.org\/{rel}","templated":true}]}}