{"id":913,"date":"2013-01-13T19:01:15","date_gmt":"2013-01-13T18:01:15","guid":{"rendered":"http:\/\/www.alpine-heli.de\/?page_id=913"},"modified":"2016-02-07T19:50:59","modified_gmt":"2016-02-07T18:50:59","slug":"heli-workshop","status":"publish","type":"page","link":"https:\/\/www.alpine-heli.de\/?page_id=913","title":{"rendered":"Heli-Workshop"},"content":{"rendered":"<h2><img loading=\"lazy\" decoding=\"async\" class=\"alignleft size-medium wp-image-932\" src=\"https:\/\/www.alpine-heli.de\/wp-content\/uploads\/2013\/01\/rc-workshop-300x225.jpg\" alt=\"rc workshop\" width=\"306\" height=\"240\" \/>\u201cVom Koaxheli zum Modellhubschrauber\u201c<\/h2>\n<p>Der Workshop richtete sich an alle Modellpiloten, die bis dato einen Koaxhubschrauber geflogen sind und sich \u00fcber weitere M\u00f6glichkeiten im Bereich Modellflug mit Hubschraubern weiterbilden wollten.<\/p>\n<p>&nbsp;<\/p>\n<p>Der ganzt\u00e4gige Workshop fand am <strong>20. April 2013<\/strong> in Markt Schwaben im Unterbr\u00e4u statt, und war ein voller Erfolg! Danke an Alle die dabei waren, es war Klasse!<\/p>\n<p>&nbsp;<\/p>\n<hr \/>\n<p>&nbsp;<\/p>\n<p>Teilnehmerstimmen<\/p>\n<p style=\"text-align: left;\"><span style=\"font-size: small;\"><em>Hallo Markus, Hallo Werner,<\/em><\/span><img loading=\"lazy\" decoding=\"async\" class=\"size-medium wp-image-2668 alignright\" src=\"https:\/\/www.alpine-heli.de\/wp-content\/uploads\/2013\/04\/HER_9221-300x198.jpg\" alt=\"HER_9221\" width=\"300\" height=\"198\" srcset=\"https:\/\/www.alpine-heli.de\/wp-content\/uploads\/2013\/04\/HER_9221-300x198.jpg 300w, https:\/\/www.alpine-heli.de\/wp-content\/uploads\/2013\/04\/HER_9221-624x413.jpg 624w, https:\/\/www.alpine-heli.de\/wp-content\/uploads\/2013\/04\/HER_9221.jpg 1024w\" sizes=\"auto, (max-width: 300px) 100vw, 300px\" \/><br \/>\n<span style=\"font-size: small;\"><em>&#8230;<\/em><\/span><span style=\"font-size: small;\"><em>\u00a0m\u00f6chte ich mich auf diesem Wege nochmal kurz bei euch<\/em><\/span><br \/>\n<span style=\"font-size: small;\"><em>beiden\u00a0f\u00fcr das gelungene Wochenende bedanken, mir hat es wirklich sehr<\/em><\/span><br \/>\n<span style=\"font-size: small;\"><em>sehr\u00a0gut gefallen! \ud83d\ude42 <\/em><\/span><br \/>\n<span style=\"font-size: small;\"><em>Die Kombination aus je einem Tag Theorie und Praxis ist eine tolle Sache und<\/em><\/span><br \/>\n<span style=\"font-size: small;\"><em>ich konnte viel f\u00fcr mich mitnehmen. Ich finde es Super dass ihr euch seitens<\/em><\/span><br \/>\n<span style=\"font-size: small;\"><em>des Vereins so angagiert. Und die Show-Fl\u00fcge haben dem Ganzen dann noch das<\/em><\/span><br \/>\n<span style=\"font-size: small;\"><em>Sahneh\u00e4ubchen oben draufgesetzt&#8230;&#8220;\u00a0<\/em><\/span><span style=\"font-size: x-small;\"><em>Thomas S.\/ Feldkirchen<\/em><\/span><\/p>\n<p style=\"text-align: left;\"><em><span style=\"font-size: small;\">&#8222;..Ich kann und m\u00f6chte mich uneingeschr\u00e4nkt dem Lob anschlie\u00dfen. Auch von mir ein ganz gro\u00dfes &#8222;Respekt&#8220; vor dem Engagement..&#8220;<\/span><\/em>\u00a0 <span style=\"font-size: x-small;\">Uwe V.\/ Hohenlinden<\/span><\/p>\n<p style=\"text-align: left;\"><a title=\"Meet,Workshop and Greet\" href=\"https:\/\/www.alpine-heli.de\/?page_id=2613\">Zu den Bildern&#8230;<\/a><\/p>\n","protected":false},"excerpt":{"rendered":"<p>\u201cVom Koaxheli zum Modellhubschrauber\u201c Der Workshop richtete sich an alle Modellpiloten, die bis dato einen Koaxhubschrauber geflogen sind und sich \u00fcber weitere M\u00f6glichkeiten im Bereich Modellflug mit Hubschraubern weiterbilden wollten. &nbsp; Der ganzt\u00e4gige Workshop fand am 20. April 2013 in Markt Schwaben im Unterbr\u00e4u statt, und war ein voller Erfolg! Danke an Alle die dabei [&hellip;]<\/p>\n","protected":false},"author":1,"featured_media":0,"parent":2,"menu_order":77,"comment_status":"closed","ping_status":"closed","template":"","meta":{"footnotes":""},"class_list":["post-913","page","type-page","status-publish","hentry"],"_links":{"self":[{"href":"https:\/\/www.alpine-heli.de\/index.php?rest_route=\/wp\/v2\/pages\/913","targetHints":{"allow":["GET"]}}],"collection":[{"href":"https:\/\/www.alpine-heli.de\/index.php?rest_route=\/wp\/v2\/pages"}],"about":[{"href":"https:\/\/www.alpine-heli.de\/index.php?rest_route=\/wp\/v2\/types\/page"}],"author":[{"embeddable":true,"href":"https:\/\/www.alpine-heli.de\/index.php?rest_route=\/wp\/v2\/users\/1"}],"replies":[{"embeddable":true,"href":"https:\/\/www.alpine-heli.de\/index.php?rest_route=%2Fwp%2Fv2%2Fcomments&post=913"}],"version-history":[{"count":59,"href":"https:\/\/www.alpine-heli.de\/index.php?rest_route=\/wp\/v2\/pages\/913\/revisions"}],"predecessor-version":[{"id":7245,"href":"https:\/\/www.alpine-heli.de\/index.php?rest_route=\/wp\/v2\/pages\/913\/revisions\/7245"}],"up":[{"embeddable":true,"href":"https:\/\/www.alpine-heli.de\/index.php?rest_route=\/wp\/v2\/pages\/2"}],"wp:attachment":[{"href":"https:\/\/www.alpine-heli.de\/index.php?rest_route=%2Fwp%2Fv2%2Fmedia&parent=913"}],"curies":[{"name":"wp","href":"https:\/\/api.w.org\/{rel}","templated":true}]}}